{"id":342,"date":"2020-03-20T08:35:44","date_gmt":"2020-03-20T08:35:44","guid":{"rendered":"https:\/\/startersites.io\/blocksy\/modern-shop\/?page_id=342"},"modified":"2025-10-06T18:57:11","modified_gmt":"2025-10-06T23:57:11","slug":"right-sidebar","status":"publish","type":"page","link":"https:\/\/icc.edu.co\/?page_id=342","title":{"rendered":"Cursos Virtuales"},"content":{"rendered":"<div class=\"woocommerce columns-3 \"><div class=\"woocommerce-notices-wrapper\"><\/div><div class=\"woo-listing-top\"><p class=\"woocommerce-result-count ct-hidden-sm\" role=\"alert\" aria-relevant=\"all\" >\n\tMostrando los 10 resultados<\/p>\n<form class=\"woocommerce-ordering\" method=\"get\">\n\t\t<select\n\t\tname=\"orderby\"\n\t\tclass=\"orderby\"\n\t\t\t\t\taria-label=\"Pedido de la tienda\"\n\t\t\t>\n\t\t\t\t\t<option value=\"menu_order\"  selected='selected'>Orden predeterminado<\/option>\n\t\t\t\t\t<option value=\"popularity\" >Ordenar por popularidad<\/option>\n\t\t\t\t\t<option value=\"rating\" >Ordenar por puntuaci\u00f3n media<\/option>\n\t\t\t\t\t<option value=\"date\" >Ordenar por los \u00faltimos<\/option>\n\t\t\t\t\t<option value=\"price\" >Ordenar por precio: bajo a alto<\/option>\n\t\t\t\t\t<option value=\"price-desc\" >Ordenar por precio: alto a bajo<\/option>\n\t\t\t<\/select>\n\t<input type=\"hidden\" name=\"paged\" value=\"1\" \/>\n\t<input type=\"hidden\" name=\"rest_route\" value=\"\/wp\/v2\/pages\/342\" \/><svg width=\"14px\" height=\"14px\" fill=\"currentColor\" viewBox=\"0 0 24 24\" class=\"ct-sort-icon ct-hidden-lg ct-hidden-md\"><path d=\"M10.434 5.966A.933.933 0 0 1 9.24 7.399L6.318 4.966V19.46a.933.933 0 1 1-1.866 0V4.966L1.53 7.4a.93.93 0 0 1-1.314-.12.933.933 0 0 1 .12-1.313l4.452-3.707c.027-.023.06-.03.09-.048.038-.026.072-.055.114-.074.025-.012.051-.02.078-.03.046-.017.092-.025.14-.034.045-.009.088-.02.134-.022.014 0 .026-.008.04-.008.015 0 .027.008.042.008.046.002.09.013.135.022.047.01.093.017.139.034.026.01.052.018.078.03.042.019.076.048.115.074.029.019.062.026.089.048l4.452 3.707Zm13.35 10.755a.933.933 0 0 0-1.314-.12l-2.922 2.433V4.54a.933.933 0 1 0-1.866 0v14.493L14.76 16.6a.933.933 0 1 0-1.194 1.433l4.452 3.707c.044.037.096.055.144.082.027.015.049.04.077.052l.038.014c.11.042.223.068.338.068a.929.929 0 0 0 .338-.068l.038-.014c.029-.013.05-.037.078-.052.048-.027.099-.045.143-.082l4.452-3.707a.933.933 0 0 0 .12-1.313Z\"\/><\/svg>\n\t\t\t\t<\/form>\n<\/div><ul class=\"products columns-3\" data-products=\"type-1\">\n<li class=\"product type-product post-279 status-publish first instock product_cat-casual has-post-thumbnail shipping-taxable product-type-external\">\n\t<a href=\"https:\/\/icc.edu.co\/?product=asistente-administrativo\" class=\"woocommerce-LoopProduct-link woocommerce-loop-product__link\"><img loading=\"lazy\" decoding=\"async\" width=\"300\" height=\"300\" src=\"https:\/\/icc.edu.co\/wp-content\/uploads\/2020\/03\/asistente-300x300.png\" class=\"attachment-woocommerce_thumbnail size-woocommerce_thumbnail\" alt=\"Asistente Administrativo\" srcset=\"https:\/\/icc.edu.co\/wp-content\/uploads\/2020\/03\/asistente-300x300.png 300w, https:\/\/icc.edu.co\/wp-content\/uploads\/2020\/03\/asistente-1024x1024.png 1024w, https:\/\/icc.edu.co\/wp-content\/uploads\/2020\/03\/asistente-150x150.png 150w, https:\/\/icc.edu.co\/wp-content\/uploads\/2020\/03\/asistente-768x768.png 768w, https:\/\/icc.edu.co\/wp-content\/uploads\/2020\/03\/asistente-1536x1536.png 1536w, https:\/\/icc.edu.co\/wp-content\/uploads\/2020\/03\/asistente-600x600.png 600w, https:\/\/icc.edu.co\/wp-content\/uploads\/2020\/03\/asistente-100x100.png 100w, https:\/\/icc.edu.co\/wp-content\/uploads\/2020\/03\/asistente.png 2048w\" sizes=\"auto, (max-width: 300px) 100vw, 300px\" \/><h2 class=\"woocommerce-loop-product__title\">Asistente Administrativo<\/h2>\n<\/a><a href=\"https:\/\/creativethemes.com\/blocksy\/\" aria-describedby=\"woocommerce_loop_add_to_cart_link_describedby_279\" data-quantity=\"1\" class=\"button product_type_external\" data-product_id=\"279\" data-product_sku=\"001\" aria-label=\"Buy On CreativeThemes\" rel=\"nofollow\">Buy On CreativeThemes<\/a>\t<span id=\"woocommerce_loop_add_to_cart_link_describedby_279\" class=\"screen-reader-text\">\n\t\t\t<\/span>\n<\/li>\n<li class=\"product type-product post-66 status-publish instock product_cat-casual has-post-thumbnail shipping-taxable product-type-simple\">\n\t<a href=\"https:\/\/icc.edu.co\/?product=aturna-condimentum-mattis-pellentesque-nibh-tortor\" class=\"woocommerce-LoopProduct-link woocommerce-loop-product__link\"><img loading=\"lazy\" decoding=\"async\" width=\"300\" height=\"300\" src=\"https:\/\/icc.edu.co\/wp-content\/uploads\/2020\/03\/primera-infancia-2-300x300.png\" class=\"attachment-woocommerce_thumbnail size-woocommerce_thumbnail\" alt=\"Atenci\u00f3n Integral a la Primera Infancia\" srcset=\"https:\/\/icc.edu.co\/wp-content\/uploads\/2020\/03\/primera-infancia-2-300x300.png 300w, https:\/\/icc.edu.co\/wp-content\/uploads\/2020\/03\/primera-infancia-2-1024x1024.png 1024w, https:\/\/icc.edu.co\/wp-content\/uploads\/2020\/03\/primera-infancia-2-150x150.png 150w, https:\/\/icc.edu.co\/wp-content\/uploads\/2020\/03\/primera-infancia-2-768x768.png 768w, https:\/\/icc.edu.co\/wp-content\/uploads\/2020\/03\/primera-infancia-2-1536x1536.png 1536w, https:\/\/icc.edu.co\/wp-content\/uploads\/2020\/03\/primera-infancia-2-600x600.png 600w, https:\/\/icc.edu.co\/wp-content\/uploads\/2020\/03\/primera-infancia-2-100x100.png 100w, https:\/\/icc.edu.co\/wp-content\/uploads\/2020\/03\/primera-infancia-2.png 2048w\" sizes=\"auto, (max-width: 300px) 100vw, 300px\" \/><h2 class=\"woocommerce-loop-product__title\">Atenci\u00f3n Integral a la Primera Infancia<\/h2>\n<\/a><a href=\"https:\/\/icc.edu.co\/?product=aturna-condimentum-mattis-pellentesque-nibh-tortor\" aria-describedby=\"woocommerce_loop_add_to_cart_link_describedby_66\" data-quantity=\"1\" class=\"button product_type_simple\" data-product_id=\"66\" data-product_sku=\"011\" aria-label=\"Lee m\u00e1s sobre &ldquo;Atenci\u00f3n Integral a la Primera Infancia&rdquo;\" rel=\"nofollow\" data-success_message=\"\">Leer m\u00e1s<\/a>\t<span id=\"woocommerce_loop_add_to_cart_link_describedby_66\" class=\"screen-reader-text\">\n\t\t\t<\/span>\n<\/li>\n<li class=\"product type-product post-724 status-publish last instock product_cat-sin-categorizar has-post-thumbnail virtual product-type-simple\">\n\t<a href=\"https:\/\/icc.edu.co\/?product=diplomado-en-etica-publica-transparencia-y-control-social\" class=\"woocommerce-LoopProduct-link woocommerce-loop-product__link\"><img loading=\"lazy\" decoding=\"async\" width=\"300\" height=\"300\" src=\"https:\/\/icc.edu.co\/wp-content\/uploads\/2025\/08\/ver-docuemnto-300x300.png\" class=\"attachment-woocommerce_thumbnail size-woocommerce_thumbnail\" alt=\"Diplomado en \u00c9tica P\u00fablica, Transparencia y Control Social\" srcset=\"https:\/\/icc.edu.co\/wp-content\/uploads\/2025\/08\/ver-docuemnto-300x300.png 300w, https:\/\/icc.edu.co\/wp-content\/uploads\/2025\/08\/ver-docuemnto-1024x1024.png 1024w, https:\/\/icc.edu.co\/wp-content\/uploads\/2025\/08\/ver-docuemnto-150x150.png 150w, https:\/\/icc.edu.co\/wp-content\/uploads\/2025\/08\/ver-docuemnto-768x768.png 768w, https:\/\/icc.edu.co\/wp-content\/uploads\/2025\/08\/ver-docuemnto-1536x1536.png 1536w, https:\/\/icc.edu.co\/wp-content\/uploads\/2025\/08\/ver-docuemnto-600x600.png 600w, https:\/\/icc.edu.co\/wp-content\/uploads\/2025\/08\/ver-docuemnto-100x100.png 100w, https:\/\/icc.edu.co\/wp-content\/uploads\/2025\/08\/ver-docuemnto.png 2048w\" sizes=\"auto, (max-width: 300px) 100vw, 300px\" \/><h2 class=\"woocommerce-loop-product__title\">Diplomado en \u00c9tica P\u00fablica, Transparencia y Control Social<\/h2>\n<\/a><a href=\"https:\/\/icc.edu.co\/?product=diplomado-en-etica-publica-transparencia-y-control-social\" aria-describedby=\"woocommerce_loop_add_to_cart_link_describedby_724\" data-quantity=\"1\" class=\"button product_type_simple\" data-product_id=\"724\" data-product_sku=\"\" aria-label=\"Lee m\u00e1s sobre &ldquo;Diplomado en \u00c9tica P\u00fablica, Transparencia y Control Social&rdquo;\" rel=\"nofollow\" data-success_message=\"\">Leer m\u00e1s<\/a>\t<span id=\"woocommerce_loop_add_to_cart_link_describedby_724\" class=\"screen-reader-text\">\n\t\t\t<\/span>\n<\/li>\n<li class=\"product type-product post-170 status-publish first instock product_cat-travel has-post-thumbnail shipping-taxable product-type-simple\">\n\t<a href=\"https:\/\/icc.edu.co\/?product=atencion-integral-a-la-primera-infancia\" class=\"woocommerce-LoopProduct-link woocommerce-loop-product__link\"><img loading=\"lazy\" decoding=\"async\" width=\"300\" height=\"300\" src=\"https:\/\/icc.edu.co\/wp-content\/uploads\/2025\/08\/power-BI-300x300.png\" class=\"attachment-woocommerce_thumbnail size-woocommerce_thumbnail\" alt=\"Diplomado en Excel y An\u00e1lisis de Datos con  Power BI\" srcset=\"https:\/\/icc.edu.co\/wp-content\/uploads\/2025\/08\/power-BI-300x300.png 300w, https:\/\/icc.edu.co\/wp-content\/uploads\/2025\/08\/power-BI-1024x1024.png 1024w, https:\/\/icc.edu.co\/wp-content\/uploads\/2025\/08\/power-BI-150x150.png 150w, https:\/\/icc.edu.co\/wp-content\/uploads\/2025\/08\/power-BI-768x768.png 768w, https:\/\/icc.edu.co\/wp-content\/uploads\/2025\/08\/power-BI-1536x1536.png 1536w, https:\/\/icc.edu.co\/wp-content\/uploads\/2025\/08\/power-BI-600x600.png 600w, https:\/\/icc.edu.co\/wp-content\/uploads\/2025\/08\/power-BI-100x100.png 100w, https:\/\/icc.edu.co\/wp-content\/uploads\/2025\/08\/power-BI.png 2048w\" sizes=\"auto, (max-width: 300px) 100vw, 300px\" \/><h2 class=\"woocommerce-loop-product__title\">Diplomado en Excel y An\u00e1lisis de Datos con  Power BI<\/h2>\n<\/a><a href=\"https:\/\/icc.edu.co\/?product=atencion-integral-a-la-primera-infancia\" aria-describedby=\"woocommerce_loop_add_to_cart_link_describedby_170\" data-quantity=\"1\" class=\"button product_type_simple\" data-product_id=\"170\" data-product_sku=\"002\" aria-label=\"Lee m\u00e1s sobre &ldquo;Diplomado en Excel y An\u00e1lisis de Datos con  Power BI&rdquo;\" rel=\"nofollow\" data-success_message=\"\">Leer m\u00e1s<\/a>\t<span id=\"woocommerce_loop_add_to_cart_link_describedby_170\" class=\"screen-reader-text\">\n\t\t\t<\/span>\n<\/li>\n<li class=\"product type-product post-715 status-publish instock product_cat-sin-categorizar has-post-thumbnail virtual product-type-simple\">\n\t<a href=\"https:\/\/icc.edu.co\/?product=diplomado-en-gestion-documental-y-contratacion-publica\" class=\"woocommerce-LoopProduct-link woocommerce-loop-product__link\"><img loading=\"lazy\" decoding=\"async\" width=\"300\" height=\"300\" src=\"https:\/\/icc.edu.co\/wp-content\/uploads\/2025\/08\/Diplomado-en-Gestion-Documental-y-Contratacion-Publica-300x300.png\" class=\"attachment-woocommerce_thumbnail size-woocommerce_thumbnail\" alt=\"Diplomado en Gesti\u00f3n Documental y  Contrataci\u00f3n P\u00fablica\" srcset=\"https:\/\/icc.edu.co\/wp-content\/uploads\/2025\/08\/Diplomado-en-Gestion-Documental-y-Contratacion-Publica-300x300.png 300w, https:\/\/icc.edu.co\/wp-content\/uploads\/2025\/08\/Diplomado-en-Gestion-Documental-y-Contratacion-Publica-1024x1024.png 1024w, https:\/\/icc.edu.co\/wp-content\/uploads\/2025\/08\/Diplomado-en-Gestion-Documental-y-Contratacion-Publica-150x150.png 150w, https:\/\/icc.edu.co\/wp-content\/uploads\/2025\/08\/Diplomado-en-Gestion-Documental-y-Contratacion-Publica-768x768.png 768w, https:\/\/icc.edu.co\/wp-content\/uploads\/2025\/08\/Diplomado-en-Gestion-Documental-y-Contratacion-Publica-1536x1536.png 1536w, https:\/\/icc.edu.co\/wp-content\/uploads\/2025\/08\/Diplomado-en-Gestion-Documental-y-Contratacion-Publica-600x600.png 600w, https:\/\/icc.edu.co\/wp-content\/uploads\/2025\/08\/Diplomado-en-Gestion-Documental-y-Contratacion-Publica-100x100.png 100w, https:\/\/icc.edu.co\/wp-content\/uploads\/2025\/08\/Diplomado-en-Gestion-Documental-y-Contratacion-Publica.png 2048w\" sizes=\"auto, (max-width: 300px) 100vw, 300px\" \/><h2 class=\"woocommerce-loop-product__title\">Diplomado en Gesti\u00f3n Documental y  Contrataci\u00f3n P\u00fablica<\/h2>\n<\/a><a href=\"https:\/\/icc.edu.co\/?product=diplomado-en-gestion-documental-y-contratacion-publica\" aria-describedby=\"woocommerce_loop_add_to_cart_link_describedby_715\" data-quantity=\"1\" class=\"button product_type_simple\" data-product_id=\"715\" data-product_sku=\"\" aria-label=\"Lee m\u00e1s sobre &ldquo;Diplomado en Gesti\u00f3n Documental y  Contrataci\u00f3n P\u00fablica&rdquo;\" rel=\"nofollow\" data-success_message=\"\">Leer m\u00e1s<\/a>\t<span id=\"woocommerce_loop_add_to_cart_link_describedby_715\" class=\"screen-reader-text\">\n\t\t\t<\/span>\n<\/li>\n<li class=\"product type-product post-717 status-publish last instock product_cat-sin-categorizar has-post-thumbnail virtual product-type-simple\">\n\t<a href=\"https:\/\/icc.edu.co\/?product=diplomado-en-gestion-financiera-y-sarlaft\" class=\"woocommerce-LoopProduct-link woocommerce-loop-product__link\"><img loading=\"lazy\" decoding=\"async\" width=\"300\" height=\"300\" src=\"https:\/\/icc.edu.co\/wp-content\/uploads\/2025\/08\/SARLAFT-300x300.png\" class=\"attachment-woocommerce_thumbnail size-woocommerce_thumbnail\" alt=\"DIPLOMADO EN GESTI\u00d3N FINANCIERA Y SARLAFT\" srcset=\"https:\/\/icc.edu.co\/wp-content\/uploads\/2025\/08\/SARLAFT-300x300.png 300w, https:\/\/icc.edu.co\/wp-content\/uploads\/2025\/08\/SARLAFT-1024x1024.png 1024w, https:\/\/icc.edu.co\/wp-content\/uploads\/2025\/08\/SARLAFT-150x150.png 150w, https:\/\/icc.edu.co\/wp-content\/uploads\/2025\/08\/SARLAFT-768x768.png 768w, https:\/\/icc.edu.co\/wp-content\/uploads\/2025\/08\/SARLAFT-1536x1536.png 1536w, https:\/\/icc.edu.co\/wp-content\/uploads\/2025\/08\/SARLAFT-600x600.png 600w, https:\/\/icc.edu.co\/wp-content\/uploads\/2025\/08\/SARLAFT-100x100.png 100w, https:\/\/icc.edu.co\/wp-content\/uploads\/2025\/08\/SARLAFT.png 2048w\" sizes=\"auto, (max-width: 300px) 100vw, 300px\" \/><h2 class=\"woocommerce-loop-product__title\">DIPLOMADO EN GESTI\u00d3N FINANCIERA Y SARLAFT<\/h2>\n<\/a><a href=\"https:\/\/icc.edu.co\/?product=diplomado-en-gestion-financiera-y-sarlaft\" aria-describedby=\"woocommerce_loop_add_to_cart_link_describedby_717\" data-quantity=\"1\" class=\"button product_type_simple\" data-product_id=\"717\" data-product_sku=\"\" aria-label=\"Lee m\u00e1s sobre &ldquo;DIPLOMADO EN GESTI\u00d3N FINANCIERA Y SARLAFT&rdquo;\" rel=\"nofollow\" data-success_message=\"\">Leer m\u00e1s<\/a>\t<span id=\"woocommerce_loop_add_to_cart_link_describedby_717\" class=\"screen-reader-text\">\n\t\t\t<\/span>\n<\/li>\n<li class=\"product type-product post-711 status-publish first instock product_cat-sin-categorizar has-post-thumbnail shipping-taxable product-type-simple\">\n\t<a href=\"https:\/\/icc.edu.co\/?product=diplomado-en-herramientas-digitales-y-ciberseguridad-para-el-entorno-laboral\" class=\"woocommerce-LoopProduct-link woocommerce-loop-product__link\"><img loading=\"lazy\" decoding=\"async\" width=\"300\" height=\"300\" src=\"https:\/\/icc.edu.co\/wp-content\/uploads\/2025\/08\/SARLAFT-300x300.png\" class=\"attachment-woocommerce_thumbnail size-woocommerce_thumbnail\" alt=\"Diplomado en Herramientas Digitales y Ciberseguridad para  el Entorno Laboral\" srcset=\"https:\/\/icc.edu.co\/wp-content\/uploads\/2025\/08\/SARLAFT-300x300.png 300w, https:\/\/icc.edu.co\/wp-content\/uploads\/2025\/08\/SARLAFT-1024x1024.png 1024w, https:\/\/icc.edu.co\/wp-content\/uploads\/2025\/08\/SARLAFT-150x150.png 150w, https:\/\/icc.edu.co\/wp-content\/uploads\/2025\/08\/SARLAFT-768x768.png 768w, https:\/\/icc.edu.co\/wp-content\/uploads\/2025\/08\/SARLAFT-1536x1536.png 1536w, https:\/\/icc.edu.co\/wp-content\/uploads\/2025\/08\/SARLAFT-600x600.png 600w, https:\/\/icc.edu.co\/wp-content\/uploads\/2025\/08\/SARLAFT-100x100.png 100w, https:\/\/icc.edu.co\/wp-content\/uploads\/2025\/08\/SARLAFT.png 2048w\" sizes=\"auto, (max-width: 300px) 100vw, 300px\" \/><h2 class=\"woocommerce-loop-product__title\">Diplomado en Herramientas Digitales y Ciberseguridad para  el Entorno Laboral<\/h2>\n<\/a><a href=\"https:\/\/icc.edu.co\/?product=diplomado-en-herramientas-digitales-y-ciberseguridad-para-el-entorno-laboral\" aria-describedby=\"woocommerce_loop_add_to_cart_link_describedby_711\" data-quantity=\"1\" class=\"button product_type_simple\" data-product_id=\"711\" data-product_sku=\"\" aria-label=\"Lee m\u00e1s sobre &ldquo;Diplomado en Herramientas Digitales y Ciberseguridad para  el Entorno Laboral&rdquo;\" rel=\"nofollow\" data-success_message=\"\">Leer m\u00e1s<\/a>\t<span id=\"woocommerce_loop_add_to_cart_link_describedby_711\" class=\"screen-reader-text\">\n\t\t\t<\/span>\n<\/li>\n<li class=\"product type-product post-713 status-publish instock product_cat-sin-categorizar has-post-thumbnail virtual product-type-simple\">\n\t<a href=\"https:\/\/icc.edu.co\/?product=diplomado-en-inteligencia-artificial-para-profesionales\" class=\"woocommerce-LoopProduct-link woocommerce-loop-product__link\"><img loading=\"lazy\" decoding=\"async\" width=\"300\" height=\"300\" src=\"https:\/\/icc.edu.co\/wp-content\/uploads\/2025\/08\/Diplomado-en-Inteligencia-Artificial-para-Profesionales-300x300.png\" class=\"attachment-woocommerce_thumbnail size-woocommerce_thumbnail\" alt=\"Diplomado en Inteligencia Artificial para Profesionales\" srcset=\"https:\/\/icc.edu.co\/wp-content\/uploads\/2025\/08\/Diplomado-en-Inteligencia-Artificial-para-Profesionales-300x300.png 300w, https:\/\/icc.edu.co\/wp-content\/uploads\/2025\/08\/Diplomado-en-Inteligencia-Artificial-para-Profesionales-1024x1024.png 1024w, https:\/\/icc.edu.co\/wp-content\/uploads\/2025\/08\/Diplomado-en-Inteligencia-Artificial-para-Profesionales-150x150.png 150w, https:\/\/icc.edu.co\/wp-content\/uploads\/2025\/08\/Diplomado-en-Inteligencia-Artificial-para-Profesionales-768x768.png 768w, https:\/\/icc.edu.co\/wp-content\/uploads\/2025\/08\/Diplomado-en-Inteligencia-Artificial-para-Profesionales-1536x1536.png 1536w, https:\/\/icc.edu.co\/wp-content\/uploads\/2025\/08\/Diplomado-en-Inteligencia-Artificial-para-Profesionales-600x600.png 600w, https:\/\/icc.edu.co\/wp-content\/uploads\/2025\/08\/Diplomado-en-Inteligencia-Artificial-para-Profesionales-100x100.png 100w, https:\/\/icc.edu.co\/wp-content\/uploads\/2025\/08\/Diplomado-en-Inteligencia-Artificial-para-Profesionales.png 2048w\" sizes=\"auto, (max-width: 300px) 100vw, 300px\" \/><h2 class=\"woocommerce-loop-product__title\">Diplomado en Inteligencia Artificial para Profesionales<\/h2>\n<\/a><a href=\"https:\/\/icc.edu.co\/?product=diplomado-en-inteligencia-artificial-para-profesionales\" aria-describedby=\"woocommerce_loop_add_to_cart_link_describedby_713\" data-quantity=\"1\" class=\"button product_type_simple\" data-product_id=\"713\" data-product_sku=\"\" aria-label=\"Lee m\u00e1s sobre &ldquo;Diplomado en Inteligencia Artificial para Profesionales&rdquo;\" rel=\"nofollow\" data-success_message=\"\">Leer m\u00e1s<\/a>\t<span id=\"woocommerce_loop_add_to_cart_link_describedby_713\" class=\"screen-reader-text\">\n\t\t\t<\/span>\n<\/li>\n<li class=\"product type-product post-720 status-publish last instock product_cat-sin-categorizar has-post-thumbnail virtual product-type-simple\">\n\t<a href=\"https:\/\/icc.edu.co\/?product=diplomado-en-marketing-digital-estrategico\" class=\"woocommerce-LoopProduct-link woocommerce-loop-product__link\"><img loading=\"lazy\" decoding=\"async\" width=\"300\" height=\"300\" src=\"https:\/\/icc.edu.co\/wp-content\/uploads\/2025\/08\/marketing-digitalreal-300x300.png\" class=\"attachment-woocommerce_thumbnail size-woocommerce_thumbnail\" alt=\"Diplomado en Marketing Digital Estrat\u00e9gico\" srcset=\"https:\/\/icc.edu.co\/wp-content\/uploads\/2025\/08\/marketing-digitalreal-300x300.png 300w, https:\/\/icc.edu.co\/wp-content\/uploads\/2025\/08\/marketing-digitalreal-1024x1024.png 1024w, https:\/\/icc.edu.co\/wp-content\/uploads\/2025\/08\/marketing-digitalreal-150x150.png 150w, https:\/\/icc.edu.co\/wp-content\/uploads\/2025\/08\/marketing-digitalreal-768x768.png 768w, https:\/\/icc.edu.co\/wp-content\/uploads\/2025\/08\/marketing-digitalreal-1536x1536.png 1536w, https:\/\/icc.edu.co\/wp-content\/uploads\/2025\/08\/marketing-digitalreal-600x600.png 600w, https:\/\/icc.edu.co\/wp-content\/uploads\/2025\/08\/marketing-digitalreal-100x100.png 100w, https:\/\/icc.edu.co\/wp-content\/uploads\/2025\/08\/marketing-digitalreal.png 2048w\" sizes=\"auto, (max-width: 300px) 100vw, 300px\" \/><h2 class=\"woocommerce-loop-product__title\">Diplomado en Marketing Digital Estrat\u00e9gico<\/h2>\n<\/a><a href=\"https:\/\/icc.edu.co\/?product=diplomado-en-marketing-digital-estrategico\" aria-describedby=\"woocommerce_loop_add_to_cart_link_describedby_720\" data-quantity=\"1\" class=\"button product_type_simple\" data-product_id=\"720\" data-product_sku=\"\" aria-label=\"Lee m\u00e1s sobre &ldquo;Diplomado en Marketing Digital Estrat\u00e9gico&rdquo;\" rel=\"nofollow\" data-success_message=\"\">Leer m\u00e1s<\/a>\t<span id=\"woocommerce_loop_add_to_cart_link_describedby_720\" class=\"screen-reader-text\">\n\t\t\t<\/span>\n<\/li>\n<li class=\"product type-product post-722 status-publish first instock product_cat-sin-categorizar has-post-thumbnail virtual product-type-simple\">\n\t<a href=\"https:\/\/icc.edu.co\/?product=diplomado-en-proyectos-agiles-y-gestion-por-resultados\" class=\"woocommerce-LoopProduct-link woocommerce-loop-product__link\"><img loading=\"lazy\" decoding=\"async\" width=\"300\" height=\"300\" src=\"https:\/\/icc.edu.co\/wp-content\/uploads\/2025\/08\/Diplomado-en-Proyectos-Agiles-y-Gestion-por-Resultados-300x300.png\" class=\"attachment-woocommerce_thumbnail size-woocommerce_thumbnail\" alt=\"Diplomado en Proyectos  \u00c1giles y Gesti\u00f3n por  Resultados\" srcset=\"https:\/\/icc.edu.co\/wp-content\/uploads\/2025\/08\/Diplomado-en-Proyectos-Agiles-y-Gestion-por-Resultados-300x300.png 300w, https:\/\/icc.edu.co\/wp-content\/uploads\/2025\/08\/Diplomado-en-Proyectos-Agiles-y-Gestion-por-Resultados-1024x1024.png 1024w, https:\/\/icc.edu.co\/wp-content\/uploads\/2025\/08\/Diplomado-en-Proyectos-Agiles-y-Gestion-por-Resultados-150x150.png 150w, https:\/\/icc.edu.co\/wp-content\/uploads\/2025\/08\/Diplomado-en-Proyectos-Agiles-y-Gestion-por-Resultados-768x768.png 768w, https:\/\/icc.edu.co\/wp-content\/uploads\/2025\/08\/Diplomado-en-Proyectos-Agiles-y-Gestion-por-Resultados-1536x1536.png 1536w, https:\/\/icc.edu.co\/wp-content\/uploads\/2025\/08\/Diplomado-en-Proyectos-Agiles-y-Gestion-por-Resultados-600x600.png 600w, https:\/\/icc.edu.co\/wp-content\/uploads\/2025\/08\/Diplomado-en-Proyectos-Agiles-y-Gestion-por-Resultados-100x100.png 100w, https:\/\/icc.edu.co\/wp-content\/uploads\/2025\/08\/Diplomado-en-Proyectos-Agiles-y-Gestion-por-Resultados.png 2048w\" sizes=\"auto, (max-width: 300px) 100vw, 300px\" \/><h2 class=\"woocommerce-loop-product__title\">Diplomado en Proyectos  \u00c1giles y Gesti\u00f3n por  Resultados<\/h2>\n<\/a><a href=\"https:\/\/icc.edu.co\/?product=diplomado-en-proyectos-agiles-y-gestion-por-resultados\" aria-describedby=\"woocommerce_loop_add_to_cart_link_describedby_722\" data-quantity=\"1\" class=\"button product_type_simple\" data-product_id=\"722\" data-product_sku=\"\" aria-label=\"Lee m\u00e1s sobre &ldquo;Diplomado en Proyectos  \u00c1giles y Gesti\u00f3n por  Resultados&rdquo;\" rel=\"nofollow\" data-success_message=\"\">Leer m\u00e1s<\/a>\t<span id=\"woocommerce_loop_add_to_cart_link_describedby_722\" class=\"screen-reader-text\">\n\t\t\t<\/span>\n<\/li>\n<\/ul>\n<\/div>\n","protected":false},"excerpt":{"rendered":"","protected":false},"author":1,"featured_media":0,"parent":0,"menu_order":0,"comment_status":"closed","ping_status":"closed","template":"","meta":{"footnotes":""},"class_list":["post-342","page","type-page","status-publish","hentry"],"blocksy_meta":[],"_links":{"self":[{"href":"https:\/\/icc.edu.co\/index.php?rest_route=\/wp\/v2\/pages\/342","targetHints":{"allow":["GET"]}}],"collection":[{"href":"https:\/\/icc.edu.co\/index.php?rest_route=\/wp\/v2\/pages"}],"about":[{"href":"https:\/\/icc.edu.co\/index.php?rest_route=\/wp\/v2\/types\/page"}],"author":[{"embeddable":true,"href":"https:\/\/icc.edu.co\/index.php?rest_route=\/wp\/v2\/users\/1"}],"replies":[{"embeddable":true,"href":"https:\/\/icc.edu.co\/index.php?rest_route=%2Fwp%2Fv2%2Fcomments&post=342"}],"version-history":[{"count":1,"href":"https:\/\/icc.edu.co\/index.php?rest_route=\/wp\/v2\/pages\/342\/revisions"}],"predecessor-version":[{"id":740,"href":"https:\/\/icc.edu.co\/index.php?rest_route=\/wp\/v2\/pages\/342\/revisions\/740"}],"wp:attachment":[{"href":"https:\/\/icc.edu.co\/index.php?rest_route=%2Fwp%2Fv2%2Fmedia&parent=342"}],"curies":[{"name":"wp","href":"https:\/\/api.w.org\/{rel}","templated":true}]}}